{"id":17590,"date":"2013-04-24T18:01:25","date_gmt":"2013-04-24T16:01:25","guid":{"rendered":"https:\/\/www.hotelvigo.it\/de\/ristorante\/"},"modified":"2016-02-15T14:21:28","modified_gmt":"2016-02-15T13:21:28","slug":"restaurant","status":"publish","type":"page","link":"https:\/\/www.hotelvigo.it\/de\/restaurant\/","title":{"rendered":"Restaurant"},"content":{"rendered":"<h2 style=\"text-align: center;\">Restaurant<\/h2>\n<p style=\"text-align: center;\">\n<div class=\"gdlr-shortcode-wrapper\"><div class=\"clear\"><\/div><div class=\"gdlr-item gdlr-divider-item\"  ><div class=\"gdlr-divider double\"  style=\"width: 80%;\" ><\/div><\/div><\/div>\n<\/p>\n<p><a href=\"https:\/\/www.hotelvigo.it\/wp-content\/uploads\/2016\/02\/sala08.jpg\" rel=\"attachment wp-att-137\"><img loading=\"lazy\" decoding=\"async\" class=\"alignright size-medium wp-image-137\" src=\"https:\/\/www.hotelvigo.it\/wp-content\/uploads\/2016\/02\/sala08-300x200.jpg\" alt=\"sala08\" width=\"300\" height=\"200\" srcset=\"https:\/\/www.hotelvigo.it\/wp-content\/uploads\/2016\/02\/sala08-300x200.jpg 300w, https:\/\/www.hotelvigo.it\/wp-content\/uploads\/2016\/02\/sala08-768x512.jpg 768w, https:\/\/www.hotelvigo.it\/wp-content\/uploads\/2016\/02\/sala08-1024x682.jpg 1024w, https:\/\/www.hotelvigo.it\/wp-content\/uploads\/2016\/02\/sala08.jpg 1280w\" sizes=\"auto, (max-width: 300px) 100vw, 300px\" \/><\/a><strong>Die K\u00fcche ist besonders gepflegt und wird pers\u00f6nlich von den Eigent\u00fcmern geleitet, in einem Klima voller Herzlichkeit und Zuvorkommenheit, damit Sie einen unbeschwerten und heiteren Urlaub verbringen k\u00f6nnen.<\/strong><\/p>\n<p>Am Morgen werden Sie vom Duft frischen Kaffees, frischen Brots und warmen H\u00f6rnchen geweckt. Es ist <strong>Fr\u00fchst\u00fcckszeit<\/strong>: ein reichhaltiges und gesundes Buffet, das Ihnen die Energie zum Tagesstart zur Verf\u00fcgung stellt.<\/p>\n<p>Jeden Tag werden wir Sie mit verschiedenen Men\u00fcs erobern, in denen sich italienische und s\u00fcdtirolische Spezialit\u00e4ten vereinen, zusammen mit einem guten Glas Wein.<br \/>\nEs steht immer ein Buffet mit Vorspeisen, Salaten und Gem\u00fcse aus unserem eigenen Garten zur Verf\u00fcgung.<br \/>\nKuchen und Desserts werden in unserem Hause zubereitet.<\/p>\n<p>Au\u00dferdem bietet Ihnen unser Restaurant folgendes:<\/p>\n<ul>\n<li>Typisches ladinisches Abendessen, damit Sie die \u00f6rtlichen K\u00f6stlichkeiten kennenlernen<\/li>\n<\/ul>\n<p>Wenn Sie ein vegetarisches Men\u00fc vorziehen oder auf Gluten verzichten m\u00fcssen, kommen wir Ihnen gerne entgegen.<\/p>\n<p>Zusammen mit den Eltern, entwerfen wir besondere Men\u00fcs f\u00fcr Kinder.<\/p>\n<p><strong>Neu f\u00fcr den Sommer: Sie in unserem Grillplatz im Garten kann kochen sich gegrilltem Fleisch.<\/strong><\/p>\n","protected":false},"excerpt":{"rendered":"<p>Restaurant Die K\u00fcche ist besonders gepflegt und wird pers\u00f6nlich von den Eigent\u00fcmern geleitet, in einem Klima voller Herzlichkeit und Zuvorkommenheit, damit Sie einen unbeschwerten und heiteren Urlaub verbringen k\u00f6nnen. Am Morgen werden Sie vom Duft frischen Kaffees, frischen Brots und warmen H\u00f6rnchen geweckt. Es ist Fr\u00fchst\u00fcckszeit: ein reichhaltiges und gesundes Buffet, das Ihnen die Energie&#8230; <\/p>\n<div class=\"clear\"><\/div>\n<p><a href=\"https:\/\/www.hotelvigo.it\/de\/restaurant\/\" class=\"excerpt-read-more\">Continue Reading<i class=\"fa fa-long-arrow-right icon-long-arrow-right\"><\/i><\/a><\/p>\n","protected":false},"author":2,"featured_media":0,"parent":0,"menu_order":0,"comment_status":"open","ping_status":"open","template":"","meta":{"footnotes":""},"class_list":["post-17590","page","type-page","status-publish","hentry"],"_links":{"self":[{"href":"https:\/\/www.hotelvigo.it\/de\/wp-json\/wp\/v2\/pages\/17590","targetHints":{"allow":["GET"]}}],"collection":[{"href":"https:\/\/www.hotelvigo.it\/de\/wp-json\/wp\/v2\/pages"}],"about":[{"href":"https:\/\/www.hotelvigo.it\/de\/wp-json\/wp\/v2\/types\/page"}],"author":[{"embeddable":true,"href":"https:\/\/www.hotelvigo.it\/de\/wp-json\/wp\/v2\/users\/2"}],"replies":[{"embeddable":true,"href":"https:\/\/www.hotelvigo.it\/de\/wp-json\/wp\/v2\/comments?post=17590"}],"version-history":[{"count":4,"href":"https:\/\/www.hotelvigo.it\/de\/wp-json\/wp\/v2\/pages\/17590\/revisions"}],"predecessor-version":[{"id":17661,"href":"https:\/\/www.hotelvigo.it\/de\/wp-json\/wp\/v2\/pages\/17590\/revisions\/17661"}],"wp:attachment":[{"href":"https:\/\/www.hotelvigo.it\/de\/wp-json\/wp\/v2\/media?parent=17590"}],"curies":[{"name":"wp","href":"https:\/\/api.w.org\/{rel}","templated":true}]}}