{"id":17697,"date":"2016-02-15T15:21:50","date_gmt":"2016-02-15T14:21:50","guid":{"rendered":"https:\/\/www.hotelvigo.it\/de\/richiesta-info\/"},"modified":"2019-10-21T10:45:13","modified_gmt":"2019-10-21T08:45:13","slug":"info-anfrage","status":"publish","type":"page","link":"https:\/\/www.hotelvigo.it\/de\/info-anfrage\/","title":{"rendered":"Info Anfrage"},"content":{"rendered":"<h2 style=\"text-align: center;\">Info Anfrage<\/h2>\n<p style=\"text-align: center;\">\n<div class=\"gdlr-shortcode-wrapper\"><div class=\"clear\"><\/div><div class=\"gdlr-item gdlr-divider-item\"  ><div class=\"gdlr-divider double\"  style=\"width: 80%;\" ><\/div><\/div><\/div>\n<\/p>\n<h5 style=\"text-align: center;\">Die folgende Buchungsformular ist nicht bindend. Wir werden Ihnen kontaktieren, um die Verf\u00fcgbarkeit und den Preis f\u00fcr die gew\u00fcnschten Ferienzeit zu best\u00e4tigen.<\/h5>\n<ul>\n<li>Spezielle Gruppenrabatt, 1 freier Mensch alle 20<\/li>\n<li>Ski Club Rabatt 5% pro Person, mindestens 5 Personen<\/li>\n<li>Im Winter: In einigen Wochen werden anderthalb Tage mit dem Skilehrer organisiert<\/li>\n<li>Begr\u00fc\u00dfungsaperitif (Sonntagabend)<\/li>\n<li>Typisches Ladinisches Abendessen bei Kerzenschein<\/li>\n<\/ul>\n<h5 style=\"text-align: left;\">Buchen Sie bei uns:<\/h5>\n<ul>\n<li style=\"text-align: left;\">Bester Preis garantiert<\/li>\n<li style=\"text-align: left;\">Bezahlung Hotel<\/li>\n<li style=\"text-align: left;\">Direktbuchung , keine Kommissionen<\/li>\n<li style=\"text-align: left;\">Angeboten und exklusiven Vorteilen:<span style=\"color: #ff9900;\"> kostenlose Wi-Fi, kostenlose Wellness und Rabat f\u00fcr die neue Thermal Center\u00a0in Pozza di Fassa<\/span><\/li>\n<li style=\"text-align: left;\">Bester Preis f\u00fcr l\u00e4ngere Aufenthalte<\/li>\n<li style=\"text-align: left;\">Erm\u00e4\u00dfigung f\u00fcr Skiverleih, Stiefel, Schneeschuhe und Sportbekleidung<\/li>\n<li style=\"text-align: left;\">Rabatt f\u00fcr das Mittagessen in einer H\u00fctte auf der Piste und f\u00fcr Ski Bus ticket.<\/li>\n<li style=\"text-align: left;\">Service &#8222;HOTEL SKIPASS SERVICE&#8220;. Der Kunde kann einen Skipass f\u00fcr Erwachsene Dolomiti Superski und das Tal \u00fcber die Website <a href=\"http:\/\/www.dolomitisuperski.com\/\">www.dolomitisuperski.com<\/a> kaufen, die Zahlung per Kreditkarte. Dann w\u00e4hlen Sie das Hotel, in dem Sie Ihren Aufenthalt gebucht haben.<\/li>\n<\/ul>\n<p style=\"text-align: center;\"><style type=\"text\/css\">\r\n.ar_main_div_102 .formtitle_style { background-color:rgb(255, 206, 0);color:#202020;padding: 10px;border-radius:5px; } .ar_main_div_102 div.formdescription_style { color:#2e2e2e; } <\/style>\r\n<div><script type=\"text\/javascript\" language=\"javascript\">if(window['jQuery']){ if(!window['arf_cl']) window['arf_cl'] = new Array(); window['arf_cl']['i3yfhs'] = { 179 : { 'display': 'hide', 'if_cond': 'all', 'field_type': 'text', 'field_key': 'u5ipdc', 'default_value': '', 'page': '0', 'rules':[ { 'rule_no' : '1', 'field_id' : '174', 'field_type' : 'select', 'operator' : 'is', 'value' : '0' }] },  }; }<\/script><\/div><div class=\"arf_form ar_main_div_102 arf_form_outer_wrapper\" id=\"arffrm_102_container\"><form enctype=\"multipart\/form-data\" method=\"post\" class=\"arfshowmainform  \" id=\"form_i3yfhs\"  novalidate=\"\" data-id='97100' data-popup-id=''>\r\n    <input type=\"hidden\" name=\"arf_browser_name\" id=\"arf_browser_name\" data-version=\"AppleWebKit\" value=\"Unknown\" \/>\t<input type=\"hidden\" name=\"imagename_102\" id=\"imagename_102\" value=\"\" \/>\t<input type=\"hidden\" name=\"upload_field_id_102\" id=\"upload_field_id_102\" value=\"\" \/>\t<input type=\"hidden\" name=\"editor_loaded\" id=\"editor_loaded\" value=\"0\" \/>\t<input type=\"hidden\" name=\"form_key_102\" id=\"form_key_102\" value=\"i3yfhs\" \/>\t<input type=\"hidden\" name=\"arf_success_message_show_time_102\" id=\"arf_success_message_show_time_102\" value=\"3\" \/><input type=\"hidden\" name=\"is_form_preview_102\" id=\"is_form_preview_102\" value=\"0\" \/>\t<input type=\"hidden\" name=\"arf_validate_outside_102\" id=\"arf_validate_outside_102\" data-validate=\"0\" value=\"0\" \/>\t<input type=\"hidden\" name=\"arf_is_validate_outside_102\" id=\"arf_is_validate_outside_102\" data-validate=\"0\" value=\"0\" \/>\t<input type=\"hidden\" name=\"arf_is_resetform_aftersubmit_102\" id=\"arf_is_resetform_aftersubmit_102\" value=\"1\" \/>\t<input type=\"hidden\" name=\"arf_is_resetform_outside_102\" id=\"arf_is_resetform_outside_102\" value=\"0\" \/><input type=\"hidden\" name=\"form_tooltip_error_102\" id=\"form_tooltip_error_102\" data-color=\"#e9e9e9|#000000|#e9e9e9\" data-position=\"right\" value=\"advance\" \/><input type=\"text\" name=\"fake_text\" id=\"fake_text\" value=\"\" style=\"height:0 !important; margin:0 !important; opacity: 0 !important; filter:alpha(opacity=0); padding:0 !important; width:0 !important; float:left;\" \/><link rel='stylesheet' id='arfbootstrap-css-css' href='https:\/\/www.hotelvigo.it\/wp-content\/plugins\/arforms\/bootstrap\/css\/bootstrap.css?ver=6.9.4' type='text\/css' media='all' \/>\n<link rel='stylesheet' id='arfdisplaycss-css' href='https:\/\/www.hotelvigo.it\/wp-content\/plugins\/arforms\/css\/arf_front.css?ver=6.9.4' type='text\/css' media='all' \/>\n<link rel='stylesheet' id='arfformscss102-css' href='https:\/\/www.hotelvigo.it\/wp-content\/uploads\/arforms\/maincss\/maincss_102.css?ver=6.9.4' type='text\/css' media='all' \/>\n<div class=\"allfields\"><div class=\"arf_fieldset\"><div id=\"page_0\" class=\"page_break\"><input type=\"hidden\" name=\"arfaction\" value=\"create\" \/><input type=\"hidden\" name=\"form_id\" id=\"form_id\" value=\"102\" \/><input type=\"hidden\" name=\"form_key\" id=\"form_key\" value=\"i3yfhs\" \/><input type=\"hidden\" name=\"form_display_type\" id=\"form_display_type\" value=\"0|https:\/\/www.hotelvigo.it\/de\/info-anfrage\/\" \/><input type=\"hidden\" name=\"form_submit_type\" id=\"form_submit_type\" value=\"1\" \/><div id=\"arf_field_169_container\" class=\"arfformfield control-group arfmainformfield  arffieldrequired left_container frm_first_half\"  ><label for=\"field_83e2ua\" class=\"arf_main_label\">Vorname<span class=\"arfcheckrequiredfield\">*<\/span><\/label>    <div class=\"controls\" >                             <input type=\"text\" id=\"field_83e2ua\" name=\"item_meta[169]\"  class=\" arf_required\"  placeholder=\"\"   data-validation-required-message=\"This field cannot be blank.\"    \/>                       <\/div><\/div><div class=\"arf_half_middle\"><\/div><div id=\"arf_field_173_container\" class=\"arfformfield control-group arfmainformfield  arffieldrequired left_container frm_last_half\"  ><label for=\"field_57eutu\" class=\"arf_main_label\">Nachname<span class=\"arfcheckrequiredfield\">*<\/span><\/label>    <div class=\"controls\" >                             <input type=\"text\" id=\"field_57eutu\" name=\"item_meta[173]\"  class=\" arf_required\"  placeholder=\"\"   data-validation-required-message=\"This field cannot be blank.\"    \/>                       <\/div><\/div><div id=\"arf_field_170_container\" class=\"arfformfield control-group arfmainformfield  arffieldrequired left_container frm_first_half\"  ><label for=\"field_h2ocn6\" class=\"arf_main_label\">Email<span class=\"arfcheckrequiredfield\">*<\/span><\/label>    <div class=\"controls\" ><input\t type=\"text\" id=\"field_h2ocn6\"   name=\"item_meta[170]\"  placeholder=\"\"   class=\" arf_required\"  data-validation-required-message=\"This field cannot be blank.\"  data-validation-regex-regex=\"[A-Za-z0-9._%+-]+@[A-Za-z0-9.-]+\\.[A-Za-z]{2,4}\"     data-validation-regex-message=\"Email is invalid\"    data-validation-required-message=\"This field cannot be blank.\"\/><\/div><\/div><div class=\"arf_half_middle\"><\/div><div id=\"arf_field_171_container\" class=\"arfformfield control-group arfmainformfield  arffieldrequired left_container frm_last_half\"  ><label for=\"field_atz9qo\" class=\"arf_main_label\">Telefon<span class=\"arfcheckrequiredfield\">*<\/span><\/label>    <div class=\"controls\" ><input\t type=\"tel\" id=\"field_atz9qo\"   name=\"item_meta[171]\"  placeholder=\"\"   class=\" arf_required\"    data-validation-required-message=\"This field cannot be blank.\" data-validation-number-message=\"Phone is invalid\"  \/><\/div><\/div><div id=\"arf_field_176_container\" class=\"arfformfield control-group arfmainformfield  arffieldrequired left_container frm_first_half\"  ><label for=\"field_b1pq5k\" class=\"arf_main_label\">Anreisedatum<span class=\"arfcheckrequiredfield\">*<\/span><\/label><div class=\"controls arf_date_main_controls arf_cal_theme_5\" >\t\t\t<div class=\"arf_prefix_suffix_wrapper\">\t\t<input type=\"text\" id=\"field_b1pq5k\" name=\"item_meta[176]\"  class=\" arf_required frm_date\"  placeholder=\"\"   data-validation-required-message=\"This field cannot be blank.\"  \/>\t\t\t\t\t<span id=\"arf_suffix_b1pq5k\" class=\"arf_suffix\" onclick=\"arfFocusInputField('b1pq5k');\"><i class=\"arfa fa-calendar\"><\/i><\/span>\t\t\t\t\t\t\t<\/div>\t<\/div><\/div><div class=\"arf_half_middle\"><\/div><div id=\"arf_field_177_container\" class=\"arfformfield control-group arfmainformfield  arffieldrequired left_container frm_last_half\"  ><label for=\"field_gl843u\" class=\"arf_main_label\">Abreisedatum<span class=\"arfcheckrequiredfield\">*<\/span><\/label><div class=\"controls arf_date_main_controls arf_cal_theme_5\" >\t\t\t<div class=\"arf_prefix_suffix_wrapper\">\t\t<input type=\"text\" id=\"field_gl843u\" name=\"item_meta[177]\"  class=\" arf_required frm_date\"  placeholder=\"\"   data-validation-required-message=\"This field cannot be blank.\"  \/>\t\t\t\t\t<span id=\"arf_suffix_gl843u\" class=\"arf_suffix\" onclick=\"arfFocusInputField('gl843u');\"><i class=\"arfa fa-calendar\"><\/i><\/span>\t\t\t\t\t\t\t<\/div>\t<\/div><\/div><div id=\"arf_field_175_container\" class=\"arfformfield control-group arfmainformfield  arffieldrequired left_container frm_first_third\"  ><label for=\"field_vy4jxj\" class=\"arf_main_label\">Zimmer<span class=\"arfcheckrequiredfield\">*<\/span><\/label>    <div class=\"sltstandard_front controls\" >                                         <select name=\"item_meta[175]\" data-validation-required-message=\"This field cannot be blank.\" id=\"field_vy4jxj\"  class=\"select_controll_175 arf_required  arf_select_controll \"  data-size=\"15\" class=\"select_controll_175 arf_select_controll\"  >                                                                        <option value=\"1\" selected=\"selected\" data-content=\"1\"><\/option>                                                                        <option value=\"2\"  data-content=\"2\"><\/option>                                                                        <option value=\"3\"  data-content=\"3\"><\/option>                                                                        <option value=\"4\"  data-content=\"4\"><\/option>                                                                        <option value=\"5\"  data-content=\"5\"><\/option>                                                                        <option value=\"6\"  data-content=\"6\"><\/option>                                        <\/select><\/div><\/div><div class=\"arf_half_middle\"><\/div><div id=\"arf_field_172_container\" class=\"arfformfield control-group arfmainformfield  arffieldrequired left_container frm_third\"  ><label for=\"field_oh3lie\" class=\"arf_main_label\">Erwachsene<span class=\"arfcheckrequiredfield\">*<\/span><\/label>    <div class=\"sltstandard_front controls\" >                                         <select name=\"item_meta[172]\" data-validation-required-message=\"This field cannot be blank.\" id=\"field_oh3lie\"  class=\"select_controll_172 arf_required  arf_select_controll \"  data-size=\"15\" class=\"select_controll_172 arf_select_controll\"  >                                                                        <option value=\"1\" selected=\"selected\" data-content=\"1\"><\/option>                                                                        <option value=\"2\"  data-content=\"2\"><\/option>                                                                        <option value=\"3\"  data-content=\"3\"><\/option>                                                                        <option value=\"4\"  data-content=\"4\"><\/option>                                                                        <option value=\"5\"  data-content=\"5\"><\/option>                                                                        <option value=\"6\"  data-content=\"6\"><\/option>                                        <\/select><\/div><\/div><div class=\"arf_third_middle\"><\/div><div id=\"arf_field_174_container\" class=\"arfformfield control-group arfmainformfield  left_container frm_last_third\"  ><label for=\"field_mqxiu2\" class=\"arf_main_label\">Kinder<span class=\"arfcheckrequiredfield\"><\/span><\/label>    <div class=\"sltstandard_front controls\" >                                         <select name=\"item_meta[174]\"  id=\"field_mqxiu2\"   data-size=\"15\" class=\"select_controll_174 arf_select_controll\"  onchange=\" arf_rule_apply('i3yfhs', '174', [179]);\"  >                                                                        <option value=\"0\" selected=\"selected\" data-content=\"0\"><\/option>                                                                        <option value=\"1\"  data-content=\"1\"><\/option>                                                                        <option value=\"2\"  data-content=\"2\"><\/option>                                                                        <option value=\"3\"  data-content=\"3\"><\/option>                                                                        <option value=\"4\"  data-content=\"4\"><\/option>                                        <\/select><\/div><\/div><div id=\"arf_field_179_container\" class=\"arfformfield control-group arfmainformfield  left_container \"  style=\"display:none;\"><label for=\"field_u5ipdc\" class=\"arf_main_label\">Alter<span class=\"arfcheckrequiredfield\"><\/span><\/label>    <div class=\"controls\" >                             <input type=\"text\" id=\"field_u5ipdc\" name=\"item_meta[179]\"   placeholder=\"\"       \/>                       <div class=\"arf_field_description\" >Age children (separated by comma)<\/div><\/div><\/div><div id=\"arf_field_178_container\" class=\"arfformfield control-group arfmainformfield  left_container \"  ><label for=\"field_c5kxfw\" class=\"arf_main_label\">Notes<span class=\"arfcheckrequiredfield\"><\/span><\/label><div class=\"controls\" ><textarea name=\"item_meta[178]\" id=\"field_c5kxfw\" rows=\"3\"  maxlength=\"5\" placeholder=''   data-validation-maxlength-message=\"Invalid maximum characters length\"                   ><\/textarea><\/div><\/div><div><input type=\"hidden\" name=\"entry_key\" value=\"\" \/><\/div><div style=\"clear:both;height:1px;\">&nbsp;<\/div><\/div><div class=\"arfsubmitbutton left_container\" ><div class=\"arf_submit_div left_container\"><input type=\"hidden\" value=\"1\" name=\"is_submit_form_102\" id=\"is_submit_form_102\" \/><input type=\"hidden\" value=\"0\" data-val=\"0\" data-max=\"0\" name=\"submit_form_102\" id=\"submit_form_102\" \/><button class=\"arf_submit_btn btn btn-info arfstyle-button \" data-style=\"zoom-in\" ><span class=\"arfstyle-label\">Sender<\/span><span class=\"arfstyle-spinner\"><div class=\"arflogo\"><div class=\"b arfred\"><div><\/div><\/div><div class=\"b arfblue\"><div><\/div><\/div><div class=\"b arfyellow\"><div><\/div><\/div><div class=\"b arfgreen\"><div><\/div><\/div><\/div><\/span><\/button><\/div><\/div><div style=\"clear:both\"><\/div><\/div><\/div><\/form><\/div><div class=\"brand-div\"><\/div><div class=\"\"><input type=\"hidden\" name=\"form_id\" id=\"form_id\" value=\"102\" \/><input type=\"hidden\" name=\"arfmainformurl\" id=\"arfmainformurl\" value=\"https:\/\/www.hotelvigo.it\/wp-content\/plugins\/arforms\" \/><\/div><input type='hidden' id='arf_settings_recaptcha_v2_public_key' value='6LfSnh8TAAAAACMxQzgwx3jqRfK3sMzI2T2yiO4v' \/><input type='hidden' id='arf_settings_recaptcha_v2_public_theme' value='light' \/><input type='hidden' id='arf_settings_recaptcha_v2_public_lang' value='it' \/>            <div><script language=\"javascript\" type=\"text\/javascript\">                jQuery(document).ready(function () {                    if (jQuery.isFunction(jQuery().iCheck))                    {                        if(\"polaris\" == \"custom\") {                                                      jQuery(\"#arffrm_102_container input\").not(\".arf_hide_opacity\").iCheck({                                checkboxClass: \"icheckbox_polaris\",                                radioClass: \"iradio_polaris\",                                increaseArea: \"25%\",                                checkedCheckboxClass: \"\",                                checkedRadioClass: \"\"                            });                        } else {                            jQuery(\"#arffrm_102_container input\").not(\".arf_hide_opacity\").iCheck({                                checkboxClass: \"icheckbox_polaris\",                                radioClass: \"iradio_polaris\",                                increaseArea: \"25%\"                            });                        }                                       }                });            <\/script><\/div>  <!--Plugin Name: ARForms\t\tPlugin Version: 2.7.6  (U)\tDeveloped By: Repute Infosystems\tDeveloper URL: http:\/\/www.reputeinfosystems.com\/--><\/p>\n","protected":false},"excerpt":{"rendered":"<p>Info Anfrage Die folgende Buchungsformular ist nicht bindend. Wir werden Ihnen kontaktieren, um die Verf\u00fcgbarkeit und den Preis f\u00fcr die gew\u00fcnschten Ferienzeit zu best\u00e4tigen. Spezielle Gruppenrabatt, 1 freier Mensch alle 20 Ski Club Rabatt 5% pro Person, mindestens 5 Personen Im Winter: In einigen Wochen werden anderthalb Tage mit dem Skilehrer organisiert Begr\u00fc\u00dfungsaperitif (Sonntagabend) Typisches&#8230; <\/p>\n<div class=\"clear\"><\/div>\n<p><a href=\"https:\/\/www.hotelvigo.it\/de\/info-anfrage\/\" class=\"excerpt-read-more\">Continue Reading<i class=\"fa fa-long-arrow-right icon-long-arrow-right\"><\/i><\/a><\/p>\n","protected":false},"author":2,"featured_media":0,"parent":0,"menu_order":0,"comment_status":"closed","ping_status":"closed","template":"","meta":{"footnotes":""},"class_list":["post-17697","page","type-page","status-publish","hentry"],"_links":{"self":[{"href":"https:\/\/www.hotelvigo.it\/de\/wp-json\/wp\/v2\/pages\/17697","targetHints":{"allow":["GET"]}}],"collection":[{"href":"https:\/\/www.hotelvigo.it\/de\/wp-json\/wp\/v2\/pages"}],"about":[{"href":"https:\/\/www.hotelvigo.it\/de\/wp-json\/wp\/v2\/types\/page"}],"author":[{"embeddable":true,"href":"https:\/\/www.hotelvigo.it\/de\/wp-json\/wp\/v2\/users\/2"}],"replies":[{"embeddable":true,"href":"https:\/\/www.hotelvigo.it\/de\/wp-json\/wp\/v2\/comments?post=17697"}],"version-history":[{"count":9,"href":"https:\/\/www.hotelvigo.it\/de\/wp-json\/wp\/v2\/pages\/17697\/revisions"}],"predecessor-version":[{"id":18332,"href":"https:\/\/www.hotelvigo.it\/de\/wp-json\/wp\/v2\/pages\/17697\/revisions\/18332"}],"wp:attachment":[{"href":"https:\/\/www.hotelvigo.it\/de\/wp-json\/wp\/v2\/media?parent=17697"}],"curies":[{"name":"wp","href":"https:\/\/api.w.org\/{rel}","templated":true}]}}