{"id":394,"date":"2012-09-18T11:07:13","date_gmt":"2012-09-18T09:07:13","guid":{"rendered":"http:\/\/localhost\/wordpress\/?page_id=394"},"modified":"2016-02-15T14:10:28","modified_gmt":"2016-02-15T13:10:28","slug":"umgebungen","status":"publish","type":"page","link":"https:\/\/www.hotelvigo.it\/de\/umgebungen\/","title":{"rendered":"Umgebungen"},"content":{"rendered":"<h2 style=\"text-align: center;\">Umgebungen<\/h2>\n<p style=\"text-align: center;\">\n<div class=\"gdlr-shortcode-wrapper\"><div class=\"clear\"><\/div><div class=\"gdlr-item gdlr-divider-item\"  ><div class=\"gdlr-divider double\"  style=\"width: 80%;\" ><\/div><\/div><\/div>\n<\/p>\n<p style=\"text-align: center;\">Das Hotel bietet: Bar, Stube, Fernsehraum, Leseraum, Spielraum, Lift, Garten, Terrassen, auf welchen Sie Sonne und frische Luft tanken k\u00f6nnen.<\/p>\n<p style=\"text-align: center;\">Beheizte Ablage f\u00fcr Skier und Skischuhe, gro\u00dfer Privatparkplatz, Terrassen zum Sonnen und ein Garten mit Spielger\u00e4ten f\u00fcr Kinder.<\/p>\n","protected":false},"excerpt":{"rendered":"<p>Umgebungen Das Hotel bietet: Bar, Stube, Fernsehraum, Leseraum, Spielraum, Lift, Garten, Terrassen, auf welchen Sie Sonne und frische Luft tanken k\u00f6nnen. Beheizte Ablage f\u00fcr Skier und Skischuhe, gro\u00dfer Privatparkplatz, Terrassen zum Sonnen und ein Garten mit Spielger\u00e4ten f\u00fcr Kinder.<\/p>\n","protected":false},"author":2,"featured_media":7380,"parent":0,"menu_order":0,"comment_status":"open","ping_status":"closed","template":"","meta":{"footnotes":""},"class_list":["post-394","page","type-page","status-publish","has-post-thumbnail","hentry"],"_links":{"self":[{"href":"https:\/\/www.hotelvigo.it\/de\/wp-json\/wp\/v2\/pages\/394","targetHints":{"allow":["GET"]}}],"collection":[{"href":"https:\/\/www.hotelvigo.it\/de\/wp-json\/wp\/v2\/pages"}],"about":[{"href":"https:\/\/www.hotelvigo.it\/de\/wp-json\/wp\/v2\/types\/page"}],"author":[{"embeddable":true,"href":"https:\/\/www.hotelvigo.it\/de\/wp-json\/wp\/v2\/users\/2"}],"replies":[{"embeddable":true,"href":"https:\/\/www.hotelvigo.it\/de\/wp-json\/wp\/v2\/comments?post=394"}],"version-history":[{"count":5,"href":"https:\/\/www.hotelvigo.it\/de\/wp-json\/wp\/v2\/pages\/394\/revisions"}],"predecessor-version":[{"id":17656,"href":"https:\/\/www.hotelvigo.it\/de\/wp-json\/wp\/v2\/pages\/394\/revisions\/17656"}],"wp:featuredmedia":[{"embeddable":true,"href":"https:\/\/www.hotelvigo.it\/de\/wp-json\/"}],"wp:attachment":[{"href":"https:\/\/www.hotelvigo.it\/de\/wp-json\/wp\/v2\/media?parent=394"}],"curies":[{"name":"wp","href":"https:\/\/api.w.org\/{rel}","templated":true}]}}